{"id":276,"date":"2025-11-20T08:29:54","date_gmt":"2025-11-20T08:29:54","guid":{"rendered":"https:\/\/africansafaridream.com\/?page_id=276"},"modified":"2026-01-15T11:44:45","modified_gmt":"2026-01-15T11:44:45","slug":"money-handling","status":"publish","type":"page","link":"https:\/\/africansafaridream.com\/de\/money-handling\/","title":{"rendered":"Zahlungsabwicklung"},"content":{"rendered":"<style>.elementor-276 .elementor-element.elementor-element-99cac98 > .elementor-container{max-width:1240px;}.elementor-276 .elementor-element.elementor-element-99cac98:not(.elementor-motion-effects-element-type-background), .elementor-276 .elementor-element.elementor-element-99cac98 > .elementor-motion-effects-container > .elementor-motion-effects-layer{background-color:var( --e-global-color-primary );}.elementor-276 .elementor-element.elementor-element-99cac98 > .elementor-background-overlay{background-color:#000000;opacity:0.5;transition:background 0.3s, border-radius 0.3s, opacity 0.3s;}.elementor-276 .elementor-element.elementor-element-99cac98{transition:background 0.3s, border 0.3s, border-radius 0.3s, box-shadow 0.3s;margin-top:-50px;margin-bottom:0px;padding:250px 0px 100px 0px;}.elementor-276 .elementor-element.elementor-element-4e8d22d > .elementor-container{max-width:1240px;}.elementor-276 .elementor-element.elementor-element-4e8d22d{padding:0% 50% 0% 0%;}.elementor-276 .elementor-element.elementor-element-7c6a9f1 > .elementor-element-populated{margin:0px 0px 0px 0px;--e-column-margin-right:0px;--e-column-margin-left:0px;}.elementor-276 .elementor-element.elementor-element-e34663a .elementor-icon-list-items:not(.elementor-inline-items) .elementor-icon-list-item:not(:last-child){padding-block-end:calc(10px\/2);}.elementor-276 .elementor-element.elementor-element-e34663a .elementor-icon-list-items:not(.elementor-inline-items) .elementor-icon-list-item:not(:first-child){margin-block-start:calc(10px\/2);}.elementor-276 .elementor-element.elementor-element-e34663a .elementor-icon-list-items.elementor-inline-items .elementor-icon-list-item{margin-inline:calc(10px\/2);}.elementor-276 .elementor-element.elementor-element-e34663a .elementor-icon-list-items.elementor-inline-items{margin-inline:calc(-10px\/2);}.elementor-276 .elementor-element.elementor-element-e34663a .elementor-icon-list-items.elementor-inline-items .elementor-icon-list-item:after{inset-inline-end:calc(-10px\/2);}.elementor-276 .elementor-element.elementor-element-e34663a .elementor-icon-list-icon i{color:#FFFFFF;transition:color 0.3s;}.elementor-276 .elementor-element.elementor-element-e34663a .elementor-icon-list-icon svg{fill:#FFFFFF;transition:fill 0.3s;}.elementor-276 .elementor-element.elementor-element-e34663a{--e-icon-list-icon-size:12px;--icon-vertical-offset:0px;margin:0px 0px calc(var(--kit-widget-spacing, 0px) + 20px) 0px;padding:6px 20px 6px 20px;width:auto;max-width:auto;background-color:#FFFFFF0D;border-style:solid;border-width:1px 1px 1px 1px;border-color:#FFFFFF36;border-radius:50px 50px 50px 50px;}.elementor-276 .elementor-element.elementor-element-e34663a .elementor-icon-list-icon{padding-inline-end:2px;}.elementor-276 .elementor-element.elementor-element-e34663a .elementor-icon-list-item > .elementor-icon-list-text, .elementor-276 .elementor-element.elementor-element-e34663a .elementor-icon-list-item > a{font-family:var( --e-global-typography-32f6ee8-font-family ), Sans-serif;font-size:var( --e-global-typography-32f6ee8-font-size );font-weight:var( --e-global-typography-32f6ee8-font-weight );line-height:var( --e-global-typography-32f6ee8-line-height );letter-spacing:var( --e-global-typography-32f6ee8-letter-spacing );word-spacing:var( --e-global-typography-32f6ee8-word-spacing );}.elementor-276 .elementor-element.elementor-element-e34663a .elementor-icon-list-text{color:#FFFFFF;transition:color 0.3s;}.elementor-276 .elementor-element.elementor-element-e34663a.elementor-widget, .elementor-276 .elementor-element.elementor-element-e34663a.elementor-widget > *{position:relative;--jkit-option-enabled:4px;}.elementor-276 .elementor-element.elementor-element-e34663a.elementor-widget::before{content:\"\";width:100%;height:100%;position:absolute;left:0;top:0;-webkit-backdrop-filter:blur(4px);backdrop-filter:blur(4px);border-radius:inherit;background-color:inherit;}.elementor-276 .elementor-element.elementor-element-8985a62 .elementor-heading-title{font-family:var( --e-global-typography-b7c5f05-font-family ), Sans-serif;font-size:var( --e-global-typography-b7c5f05-font-size );font-weight:var( --e-global-typography-b7c5f05-font-weight );line-height:var( --e-global-typography-b7c5f05-line-height );letter-spacing:var( --e-global-typography-b7c5f05-letter-spacing );word-spacing:var( --e-global-typography-b7c5f05-word-spacing );color:#FFFFFF;}.elementor-276 .elementor-element.elementor-element-11b07ef{--display:flex;--padding-top:50px;--padding-bottom:50px;--padding-left:0px;--padding-right:0px;}@media(min-width:768px){.elementor-276 .elementor-element.elementor-element-7c6a9f1{width:100%;}}@media(max-width:1024px){.elementor-276 .elementor-element.elementor-element-99cac98{padding:180px 0px 80px 0px;}.elementor-276 .elementor-element.elementor-element-ba8d9ed > .elementor-element-populated{padding:0px 20px 0px 20px;}.elementor-276 .elementor-element.elementor-element-4e8d22d{padding:0% 0% 0% 0%;}.elementor-276 .elementor-element.elementor-element-e34663a .elementor-icon-list-item > .elementor-icon-list-text, .elementor-276 .elementor-element.elementor-element-e34663a .elementor-icon-list-item > a{font-size:var( --e-global-typography-32f6ee8-font-size );line-height:var( --e-global-typography-32f6ee8-line-height );letter-spacing:var( --e-global-typography-32f6ee8-letter-spacing );word-spacing:var( --e-global-typography-32f6ee8-word-spacing );}.elementor-276 .elementor-element.elementor-element-8985a62 .elementor-heading-title{font-size:var( --e-global-typography-b7c5f05-font-size );line-height:var( --e-global-typography-b7c5f05-line-height );letter-spacing:var( --e-global-typography-b7c5f05-letter-spacing );word-spacing:var( --e-global-typography-b7c5f05-word-spacing );}}@media(max-width:767px){.elementor-276 .elementor-element.elementor-element-ba8d9ed > .elementor-element-populated{padding:0px 10px 0px 10px;}.elementor-276 .elementor-element.elementor-element-e34663a .elementor-icon-list-item > .elementor-icon-list-text, .elementor-276 .elementor-element.elementor-element-e34663a .elementor-icon-list-item > a{font-size:var( --e-global-typography-32f6ee8-font-size );line-height:var( --e-global-typography-32f6ee8-line-height );letter-spacing:var( --e-global-typography-32f6ee8-letter-spacing );word-spacing:var( --e-global-typography-32f6ee8-word-spacing );}.elementor-276 .elementor-element.elementor-element-8985a62 .elementor-heading-title{font-size:var( --e-global-typography-b7c5f05-font-size );line-height:var( --e-global-typography-b7c5f05-line-height );letter-spacing:var( --e-global-typography-b7c5f05-letter-spacing );word-spacing:var( --e-global-typography-b7c5f05-word-spacing );}}<\/style>\t\t<div data-elementor-type=\"wp-page\" data-elementor-id=\"276\" class=\"elementor elementor-276\" data-elementor-post-type=\"page\">\n\t\t\t\t\t\t<section class=\"elementor-section elementor-top-section elementor-element elementor-element-99cac98 elementor-section-boxed elementor-section-height-default elementor-section-height-default\" data-id=\"99cac98\" data-element_type=\"section\" data-e-type=\"section\" data-settings=\"{&quot;background_background&quot;:&quot;classic&quot;}\">\n\t\t\t\t\t\t\t<div class=\"elementor-background-overlay\"><\/div>\n\t\t\t\t\t\t\t<div class=\"elementor-container elementor-column-gap-no\">\n\t\t\t\t\t<div class=\"elementor-column elementor-col-100 elementor-top-column elementor-element elementor-element-ba8d9ed\" data-id=\"ba8d9ed\" data-element_type=\"column\" data-e-type=\"column\">\n\t\t\t<div class=\"elementor-widget-wrap elementor-element-populated\">\n\t\t\t\t\t\t<section class=\"elementor-section elementor-inner-section elementor-element elementor-element-4e8d22d elementor-section-boxed elementor-section-height-default elementor-section-height-default\" data-id=\"4e8d22d\" data-element_type=\"section\" data-e-type=\"section\">\n\t\t\t\t\t\t<div class=\"elementor-container elementor-column-gap-no\">\n\t\t\t\t\t<div class=\"elementor-column elementor-col-100 elementor-inner-column elementor-element elementor-element-7c6a9f1\" data-id=\"7c6a9f1\" data-element_type=\"column\" data-e-type=\"column\">\n\t\t\t<div class=\"elementor-widget-wrap elementor-element-populated\">\n\t\t\t\t\t\t<div class=\"elementor-element elementor-element-e34663a elementor-icon-list--layout-inline elementor-widget__width-auto elementor-list-item-link-full_width elementor-widget elementor-widget-icon-list\" data-id=\"e34663a\" data-element_type=\"widget\" data-e-type=\"widget\" data-widget_type=\"icon-list.default\">\n\t\t\t\t\t\t\t<ul class=\"elementor-icon-list-items elementor-inline-items\">\n\t\t\t\t\t\t\t<li class=\"elementor-icon-list-item elementor-inline-item\">\n\t\t\t\t\t\t\t\t\t\t<span class=\"elementor-icon-list-text\">Startseite<\/span>\n\t\t\t\t\t\t\t\t\t<\/li>\n\t\t\t\t\t\t\t\t<li class=\"elementor-icon-list-item elementor-inline-item\">\n\t\t\t\t\t\t\t\t\t\t\t<span class=\"elementor-icon-list-icon\">\n\t\t\t\t\t\t\t<svg aria-hidden=\"true\" class=\"e-font-icon-svg e-fas-chevron-circle-right\" viewbox=\"0 0 512 512\" xmlns=\"http:\/\/www.w3.org\/2000\/svg\"><path d=\"M256 8c137 0 248 111 248 248S393 504 256 504 8 393 8 256 119 8 256 8zm113.9 231L234.4 103.5c-9.4-9.4-24.6-9.4-33.9 0l-17 17c-9.4 9.4-9.4 24.6 0 33.9L285.1 256 183.5 357.6c-9.4 9.4-9.4 24.6 0 33.9l17 17c9.4 9.4 24.6 9.4 33.9 0L369.9 273c9.4-9.4 9.4-24.6 0-34z\"><\/path><\/svg>\t\t\t\t\t\t<\/span>\n\t\t\t\t\t\t\t\t\t\t<span class=\"elementor-icon-list-text\">Richtlinien<\/span>\n\t\t\t\t\t\t\t\t\t<\/li>\n\t\t\t\t\t\t<\/ul>\n\t\t\t\t\t\t<\/div>\n\t\t\t\t<div class=\"elementor-element elementor-element-8985a62 elementor-widget elementor-widget-heading\" data-id=\"8985a62\" data-element_type=\"widget\" data-e-type=\"widget\" data-widget_type=\"heading.default\">\n\t\t\t\t\t<h2 class=\"elementor-heading-title elementor-size-default\">Unsere Richtlinien <\/h2>\t\t\t\t<\/div>\n\t\t\t\t\t<\/div>\n\t\t<\/div>\n\t\t\t\t\t<\/div>\n\t\t<\/section>\n\t\t\t\t\t<\/div>\n\t\t<\/div>\n\t\t\t\t\t<\/div>\n\t\t<\/section>\n\t\t<div class=\"elementor-element elementor-element-11b07ef e-flex e-con-boxed e-con e-parent\" data-id=\"11b07ef\" data-element_type=\"container\" data-e-type=\"container\">\n\t\t\t\t\t<div class=\"e-con-inner\">\n\t\t\t\t<div class=\"elementor-element elementor-element-ae37a02 elementor-widget elementor-widget-html\" data-id=\"ae37a02\" data-element_type=\"widget\" data-e-type=\"widget\" data-widget_type=\"html.default\">\n\t\t\t\t\t<div class=\"asd-money-wrapper\" style=\"font-family:inherit; color:#000; line-height:1.6; max-width:900px; margin:0 auto; padding:20px;\">\n\n  <h1 class=\"asd-main-heading\" style=\"font-size:38px; color:#99782F; text-align:center; margin-bottom:10px; font-weight:400;\">Wie Ihr Geld verwaltet wird<\/h1>\n  \n  <p class=\"asd-updated\" style=\"text-align:center; font-style:italic; color:#555; margin-bottom:50px;\">Letzte Aktualisierung: 20. November 2025<\/p>\n\n  <div class=\"asd-intro-text\" style=\"margin-bottom:50px; font-size:17px; background:#f9f5e8; padding:30px; border-left:6px solid #99782F; text-align:center;\">\n    <p>Unser Engagement f\u00fcr Transparenz und Sicherheit<\/p>\n    <p>Die Buchung einer Safari erfordert oft die fr\u00fchzeitige Reservierung begehrter Lodges, saisonaler Genehmigungen und exklusiver Aktivit\u00e4ten. Wir verstehen, dass eine gr\u00f6\u00dfere Zahlung Vertrauen voraussetzt \u2013 und wir garantieren Ihnen volle Transparenz dar\u00fcber, wie Ihre Gelder ab dem Zeitpunkt Ihrer Reisebest\u00e4tigung verwendet werden.<\/p>\n    <p>Auf dieser Seite erkl\u00e4ren wir den Zahlungsprozess, wie die Vereinbarungen mit Leistungspartnern funktionieren und welche Schutzmechanismen f\u00fcr Ihre Buchung gelten.<\/p>\n  <\/div>\n\n  <div class=\"asd-section\">\n    <h2 class=\"asd-section-title\" style=\"font-size:26px; color:#99782F; margin:45px 0 20px; font-weight:400;\">1. Warum sind Anzahlungen erforderlich?<\/h2>\n    <p>Luxuri\u00f6se Lodges, abgelegene Safari-Camps und spezialisierte Veranstalter sind nur sehr begrenzt verf\u00fcgbar und weltweit stark nachgefragt. Um Ihre gew\u00fcnschte Reiseroute zu sichern, m\u00fcssen wir diese Leistungen in Ihrem Namen verbindlich reservieren.<\/p>\n    <p>Dies erfordert:<\/p>\n    <ul class=\"asd-list\" style=\"padding-left:25px; margin:20px 0;\">\n      <li>Die verbindliche Buchung Ihrer Unterkunft und Zimmerkategorie<\/li>\n      <li>Die Sicherung privater Transfers und logistischer Abl\u00e4ufe<\/li>\n      <li>Die Buchung von Guides, Aktivit\u00e4ten oder Naturschutzgenehmigungen<\/li>\n      <li>Die Best\u00e4tigung von Verf\u00fcgbarkeiten in der Hochsaison oder exklusiven Angeboten<\/li>\n    <\/ul>\n    <p>Leistungspartner buchen keine Zimmer ohne eine best\u00e4tigte Anzahlung, weshalb Ihre Zahlung zum Buchungszeitpunkt notwendig ist.<\/p>\n  <\/div>\n\n  <div class=\"asd-section\">\n    <h2 class=\"asd-section-title\" style=\"font-size:26px; color:#99782F; margin:45px 0 20px; font-weight:400;\">2. Wie Zahlungen erfolgen<\/h2>\n    <p>Zahlungsabwicklung: Alle Zahlungen erfolgen per Bank\u00fcberweisung auf unser offizielles s\u00fcdafrikanisches Gesch\u00e4ftskonto. Alternativ ist die Zahlung auch per Kreditkarte m\u00f6glich.<\/p>\n    <ul class=\"asd-list\" style=\"padding-left:25px; margin:20px 0;\">\n      <li>Sicher und nachverfolgbar<\/li>\n      <li>Vollst\u00e4ndig in Rechnung gestellt<\/li>\n      <li>International anerkannt<\/li>\n      <li>Bei Zahlung per Bank\u00fcberweisung bestehen keine Risiken im Zusammenhang mit der Kartenverarbeitung (dies gilt nur f\u00fcr Bank\u00fcberweisungen).<\/li>\n    <\/ul>\n    <p>F\u00fcr jede Zahlung erhalten Sie von uns eine formelle Rechnung sowie eine Zahlungsbest\u00e4tigung \u2013 damit ist eine vollst\u00e4ndige Dokumentation f\u00fcr Ihre Unterlagen und Versicherungszwecke gew\u00e4hrleistet.<\/p>\n  <\/div>\n\n  <div class=\"asd-section\">\n    <h2 class=\"asd-section-title\" style=\"font-size:26px; color:#99782F; margin:45px 0 20px; font-weight:400;\">3. Wie wir Ihre Anzahlung verwenden<\/h2>\n    <p>Nach Zahlungseingang weisen wir die Betr\u00e4ge unmittelbar den jeweiligen Leistungstr\u00e4gern Ihrer Reise zu. Dazu k\u00f6nnen unter anderem folgende Leistungen geh\u00f6ren:<\/p>\n    <ul class=\"asd-list\" style=\"padding-left:25px; margin:20px 0;\">\n      <li>Lodges und Safaricamps<\/li>\n      <li>Hotels und private Villen<\/li>\n      <li>Transferunternehmen<\/li>\n      <li>Aktivit\u00e4tsanbieter<\/li>\n      <li>Nationalparkbeh\u00f6rden (z. B. f\u00fcr Naturschutz- oder Spezialgenehmigungen)<\/li>\n    <\/ul>\n    <p>Diese Anbieter sind auf Vorauszahlungen angewiesen, um Ihre Reservierung zu best\u00e4tigen und die in Ihrem Reiseplan enthaltenen Leistungen zu garantieren.<\/p>\n  <\/div>\n\n  <div class=\"asd-section\">\n    <h2 class=\"asd-section-title\" style=\"font-size:26px; color:#99782F; margin:45px 0 20px; font-weight:400;\">4. Mittelzuweisung und Belege<\/h2>\n    <p>F\u00fcr jede best\u00e4tigte und vollst\u00e4ndig bezahlte Buchungskomponente senden wir Ihnen folgende Informationen:<\/p>\n    <ul class=\"asd-list\" style=\"padding-left:25px; margin:20px 0;\">\n      <li>Best\u00e4tigungsnummern der Leistungspartner<\/li>\n      <li>Lodge-Gutscheine<\/li>\n      <li>Best\u00e4tigungen f\u00fcr Transfers oder sonstige Bodenservices<\/li>\n      <li>Best\u00e4tigungen f\u00fcr Aktivit\u00e4ten<\/li>\n      <li>Beleg f\u00fcr Genehmigungen<\/li>\n    <\/ul>\n    <p>Sie erhalten alle relevanten Unterlagen, damit jederzeit transparent nachvollziehbar ist, dass Ihre Gelder korrekt verwendet wurden.<\/p>\n  <\/div>\n\n  <div class=\"asd-section\">\n    <h2 class=\"asd-section-title\" style=\"font-size:26px; color:#99782F; margin:45px 0 20px; font-weight:400;\">5. Nicht erstattungsf\u00e4hige Komponenten<\/h2>\n    <p>Bitte beachten Sie unsere Stornierungsbedingungen, wie sie in unseren Allgemeinen Gesch\u00e4ftsbedingungen unter Punkt 7 aufgef\u00fchrt sind.<\/p>\n  <\/div>\n\n  <div class=\"asd-section\">\n    <h2 class=\"asd-section-title\" style=\"font-size:26px; color:#99782F; margin:45px 0 20px; font-weight:400;\">6. Restzahlungen<\/h2>\n    <p>Alle Restzahlungen sind 60 Tage vor Ankunft f\u00e4llig. Das F\u00e4lligkeitsdatum wird auf Ihrer Rechnung f\u00fcr jede Buchung klar angegeben.<\/p>\n    <p>Bei Zahlungsverzug kann es zu einer automatischen Stornierung durch die Leistungspartner kommen; in diesem Fall gelten die entsprechenden Stornogeb\u00fchren.<\/p>\n  <\/div>\n\n  <div class=\"asd-section\">\n    <h2 class=\"asd-section-title\" style=\"font-size:26px; color:#99782F; margin:45px 0 20px; font-weight:400;\">7. Eine Reiseversicherung ist unerl\u00e4sslich.<\/h2>\n    <p>Wir empfehlen Ihnen dringend, eine umfassende Reiseversicherung abzuschlie\u00dfen, die eine Reiser\u00fccktrittsversicherung, Kranken- und Evakuierungsschutz sowie weitere f\u00fcr Ihre Reise relevante Leistungen umfasst.<\/p>\n    <p>Eine Versicherung sch\u00fctzt Sie vor unvorhergesehenen Ereignissen, die au\u00dferhalb unseres Einflussbereichs oder des Einflussbereichs unserer Lieferanten liegen. Gerne beraten wir Sie zu geeigneten Versicherungspolicen, die Sie mit Ihrem Versicherer oder Makler besprechen k\u00f6nnen.<\/p>\n  <\/div>\n\n  <div class=\"asd-section\">\n    <h2 class=\"asd-section-title\" style=\"font-size:26px; color:#99782F; margin:45px 0 20px; font-weight:400;\">8. Haben Sie noch Fragen? Bitte z\u00f6gern Sie nicht, uns zu kontaktieren.<\/h2>\n    <p style=\"font-size:17px; background:#f9f5e8; padding:25px; border-left:5px solid #99782F; margin:30px 0;\">\n      Wir wissen, dass internationale Geld\u00fcberweisungen, gerade f\u00fcr Erstreisende nach Afrika, eine bedeutende Angelegenheit sein k\u00f6nnen.<br><br>\n      Wenn Sie eine detaillierte Erkl\u00e4rung des Zahlungsablaufs w\u00fcnschen oder sich bez\u00fcglich der Best\u00e4tigungen Ihrer Unterkunft, Genehmigungen oder der Buchungssicherheit vergewissern m\u00f6chten, sind wir jederzeit bereit, Ihnen dies zu erl\u00e4utern.<br><br>\n      Ihr Vertrauen ist uns wichtig.\n    <\/p>\n  <\/div>\n\n  <div class=\"asd-section\">\n    <h2 class=\"asd-section-title\" style=\"font-size:26px; color:#99782F; margin:45px 0 20px; font-weight:400;\">9. Kontaktieren Sie uns bei Fragen<\/h2>\n    <p>Bei Fragen zu Zahlungen, Anzahlungen, Best\u00e4tigungen oder Bedingungen der Leistungspartner wenden Sie sich bitte an:<\/p>\n    <p style=\"margin:20px 0; line-height:1.8;\">\n      African Safari Holidays (Pty) Ltd t\/a African Safari Dream<br>\n      E-Mail: <a href=\"mailto:britta@africansafaridream.com\" style=\"color:#99782F;\">britta@africansafaridream.com<\/a><br>\n      Ort: Kapstadt, S\u00fcdafrika\n    <\/p>\n  <\/div>\n\n<\/div>\t\t\t\t<\/div>\n\t\t\t\t\t<\/div>\n\t\t\t\t<\/div>\n\t\t\t\t<\/div>","protected":false},"excerpt":{"rendered":"<p>Home Policies Our Policies How Your Money Is Handled Last updated: November 20, 2025 Our Commitment to Transparency &amp; Security [&hellip;]<\/p>\n","protected":false},"author":1,"featured_media":0,"parent":0,"menu_order":0,"comment_status":"closed","ping_status":"closed","template":"elementor_header_footer","meta":{"site-sidebar-layout":"default","site-content-layout":"","ast-site-content-layout":"full-width-container","site-content-style":"default","site-sidebar-style":"default","ast-global-header-display":"","ast-banner-title-visibility":"","ast-main-header-display":"","ast-hfb-above-header-display":"","ast-hfb-below-header-display":"","ast-hfb-mobile-header-display":"","site-post-title":"","ast-breadcrumbs-content":"","ast-featured-img":"disabled","footer-sml-layout":"","ast-disable-related-posts":"","theme-transparent-header-meta":"","adv-header-id-meta":"","stick-header-meta":"","header-above-stick-meta":"","header-main-stick-meta":"","header-below-stick-meta":"","astra-migrate-meta-layouts":"default","ast-page-background-enabled":"default","ast-page-background-meta":{"desktop":{"background-color":"var(--ast-global-color-5)","background-image":"","background-repeat":"repeat","background-position":"center center","background-size":"auto","background-attachment":"scroll","background-type":"","background-media":"","overlay-type":"","overlay-color":"","overlay-opacity":"","overlay-gradient":""},"tablet":{"background-color":"","background-image":"","background-repeat":"repeat","background-position":"center center","background-size":"auto","background-attachment":"scroll","background-type":"","background-media":"","overlay-type":"","overlay-color":"","overlay-opacity":"","overlay-gradient":""},"mobile":{"background-color":"","background-image":"","background-repeat":"repeat","background-position":"center center","background-size":"auto","background-attachment":"scroll","background-type":"","background-media":"","overlay-type":"","overlay-color":"","overlay-opacity":"","overlay-gradient":""}},"ast-content-background-meta":{"desktop":{"background-color":"var(--ast-global-color-4)","background-image":"","background-repeat":"repeat","background-position":"center center","background-size":"auto","background-attachment":"scroll","background-type":"","background-media":"","overlay-type":"","overlay-color":"","overlay-opacity":"","overlay-gradient":""},"tablet":{"background-color":"var(--ast-global-color-4)","background-image":"","background-repeat":"repeat","background-position":"center center","background-size":"auto","background-attachment":"scroll","background-type":"","background-media":"","overlay-type":"","overlay-color":"","overlay-opacity":"","overlay-gradient":""},"mobile":{"background-color":"var(--ast-global-color-4)","background-image":"","background-repeat":"repeat","background-position":"center center","background-size":"auto","background-attachment":"scroll","background-type":"","background-media":"","overlay-type":"","overlay-color":"","overlay-opacity":"","overlay-gradient":""}},"_joinchat":[],"footnotes":""},"class_list":["post-276","page","type-page","status-publish","hentry"],"_links":{"self":[{"href":"https:\/\/africansafaridream.com\/de\/wp-json\/wp\/v2\/pages\/276","targetHints":{"allow":["GET"]}}],"collection":[{"href":"https:\/\/africansafaridream.com\/de\/wp-json\/wp\/v2\/pages"}],"about":[{"href":"https:\/\/africansafaridream.com\/de\/wp-json\/wp\/v2\/types\/page"}],"author":[{"embeddable":true,"href":"https:\/\/africansafaridream.com\/de\/wp-json\/wp\/v2\/users\/1"}],"replies":[{"embeddable":true,"href":"https:\/\/africansafaridream.com\/de\/wp-json\/wp\/v2\/comments?post=276"}],"version-history":[{"count":19,"href":"https:\/\/africansafaridream.com\/de\/wp-json\/wp\/v2\/pages\/276\/revisions"}],"predecessor-version":[{"id":1136,"href":"https:\/\/africansafaridream.com\/de\/wp-json\/wp\/v2\/pages\/276\/revisions\/1136"}],"wp:attachment":[{"href":"https:\/\/africansafaridream.com\/de\/wp-json\/wp\/v2\/media?parent=276"}],"curies":[{"name":"wp","href":"https:\/\/api.w.org\/{rel}","templated":true}]}}