{"id":266,"date":"2025-11-20T08:10:13","date_gmt":"2025-11-20T08:10:13","guid":{"rendered":"https:\/\/africansafaridream.com\/?page_id=266"},"modified":"2026-02-28T14:49:25","modified_gmt":"2026-02-28T14:49:25","slug":"cookie-policy","status":"publish","type":"page","link":"https:\/\/africansafaridream.com\/de\/cookie-policy\/","title":{"rendered":"Cookie-Richtlinie"},"content":{"rendered":"<style>.elementor-266 .elementor-element.elementor-element-7992a36 > .elementor-container{max-width:1240px;}.elementor-266 .elementor-element.elementor-element-7992a36:not(.elementor-motion-effects-element-type-background), .elementor-266 .elementor-element.elementor-element-7992a36 > .elementor-motion-effects-container > .elementor-motion-effects-layer{background-color:var( --e-global-color-primary );}.elementor-266 .elementor-element.elementor-element-7992a36 > .elementor-background-overlay{background-color:#000000;opacity:0.5;transition:background 0.3s, border-radius 0.3s, opacity 0.3s;}.elementor-266 .elementor-element.elementor-element-7992a36{transition:background 0.3s, border 0.3s, border-radius 0.3s, box-shadow 0.3s;margin-top:-50px;margin-bottom:0px;padding:250px 0px 100px 0px;}.elementor-266 .elementor-element.elementor-element-a6cbc7e > .elementor-container{max-width:1240px;}.elementor-266 .elementor-element.elementor-element-a6cbc7e{padding:0% 50% 0% 0%;}.elementor-266 .elementor-element.elementor-element-4e122d8 > .elementor-element-populated{margin:0px 0px 0px 0px;--e-column-margin-right:0px;--e-column-margin-left:0px;}.elementor-266 .elementor-element.elementor-element-80463ed .elementor-icon-list-items:not(.elementor-inline-items) .elementor-icon-list-item:not(:last-child){padding-block-end:calc(10px\/2);}.elementor-266 .elementor-element.elementor-element-80463ed .elementor-icon-list-items:not(.elementor-inline-items) .elementor-icon-list-item:not(:first-child){margin-block-start:calc(10px\/2);}.elementor-266 .elementor-element.elementor-element-80463ed .elementor-icon-list-items.elementor-inline-items .elementor-icon-list-item{margin-inline:calc(10px\/2);}.elementor-266 .elementor-element.elementor-element-80463ed .elementor-icon-list-items.elementor-inline-items{margin-inline:calc(-10px\/2);}.elementor-266 .elementor-element.elementor-element-80463ed .elementor-icon-list-items.elementor-inline-items .elementor-icon-list-item:after{inset-inline-end:calc(-10px\/2);}.elementor-266 .elementor-element.elementor-element-80463ed .elementor-icon-list-icon i{color:#FFFFFF;transition:color 0.3s;}.elementor-266 .elementor-element.elementor-element-80463ed .elementor-icon-list-icon svg{fill:#FFFFFF;transition:fill 0.3s;}.elementor-266 .elementor-element.elementor-element-80463ed{--e-icon-list-icon-size:12px;--icon-vertical-offset:0px;margin:0px 0px calc(var(--kit-widget-spacing, 0px) + 20px) 0px;padding:6px 20px 6px 20px;width:auto;max-width:auto;background-color:#FFFFFF0D;border-style:solid;border-width:1px 1px 1px 1px;border-color:#FFFFFF36;border-radius:50px 50px 50px 50px;}.elementor-266 .elementor-element.elementor-element-80463ed .elementor-icon-list-icon{padding-inline-end:2px;}.elementor-266 .elementor-element.elementor-element-80463ed .elementor-icon-list-item > .elementor-icon-list-text, .elementor-266 .elementor-element.elementor-element-80463ed .elementor-icon-list-item > a{font-family:var( --e-global-typography-32f6ee8-font-family ), Sans-serif;font-size:var( --e-global-typography-32f6ee8-font-size );font-weight:var( --e-global-typography-32f6ee8-font-weight );line-height:var( --e-global-typography-32f6ee8-line-height );letter-spacing:var( --e-global-typography-32f6ee8-letter-spacing );word-spacing:var( --e-global-typography-32f6ee8-word-spacing );}.elementor-266 .elementor-element.elementor-element-80463ed .elementor-icon-list-text{color:#FFFFFF;transition:color 0.3s;}.elementor-266 .elementor-element.elementor-element-80463ed.elementor-widget, .elementor-266 .elementor-element.elementor-element-80463ed.elementor-widget > *{position:relative;--jkit-option-enabled:4px;}.elementor-266 .elementor-element.elementor-element-80463ed.elementor-widget::before{content:\"\";width:100%;height:100%;position:absolute;left:0;top:0;-webkit-backdrop-filter:blur(4px);backdrop-filter:blur(4px);border-radius:inherit;background-color:inherit;}.elementor-266 .elementor-element.elementor-element-b7024ef .elementor-heading-title{font-family:var( --e-global-typography-b7c5f05-font-family ), Sans-serif;font-size:var( --e-global-typography-b7c5f05-font-size );font-weight:var( --e-global-typography-b7c5f05-font-weight );line-height:var( --e-global-typography-b7c5f05-line-height );letter-spacing:var( --e-global-typography-b7c5f05-letter-spacing );word-spacing:var( --e-global-typography-b7c5f05-word-spacing );color:#FFFFFF;}.elementor-266 .elementor-element.elementor-element-b29a3fa{--display:flex;--padding-top:50px;--padding-bottom:50px;--padding-left:0px;--padding-right:0px;}@media(min-width:768px){.elementor-266 .elementor-element.elementor-element-4e122d8{width:100%;}}@media(max-width:1024px){.elementor-266 .elementor-element.elementor-element-7992a36{padding:180px 0px 80px 0px;}.elementor-266 .elementor-element.elementor-element-29d1e63 > .elementor-element-populated{padding:0px 20px 0px 20px;}.elementor-266 .elementor-element.elementor-element-a6cbc7e{padding:0% 0% 0% 0%;}.elementor-266 .elementor-element.elementor-element-80463ed .elementor-icon-list-item > .elementor-icon-list-text, .elementor-266 .elementor-element.elementor-element-80463ed .elementor-icon-list-item > a{font-size:var( --e-global-typography-32f6ee8-font-size );line-height:var( --e-global-typography-32f6ee8-line-height );letter-spacing:var( --e-global-typography-32f6ee8-letter-spacing );word-spacing:var( --e-global-typography-32f6ee8-word-spacing );}.elementor-266 .elementor-element.elementor-element-b7024ef .elementor-heading-title{font-size:var( --e-global-typography-b7c5f05-font-size );line-height:var( --e-global-typography-b7c5f05-line-height );letter-spacing:var( --e-global-typography-b7c5f05-letter-spacing );word-spacing:var( --e-global-typography-b7c5f05-word-spacing );}}@media(max-width:767px){.elementor-266 .elementor-element.elementor-element-29d1e63 > .elementor-element-populated{padding:0px 10px 0px 10px;}.elementor-266 .elementor-element.elementor-element-80463ed .elementor-icon-list-item > .elementor-icon-list-text, .elementor-266 .elementor-element.elementor-element-80463ed .elementor-icon-list-item > a{font-size:var( --e-global-typography-32f6ee8-font-size );line-height:var( --e-global-typography-32f6ee8-line-height );letter-spacing:var( --e-global-typography-32f6ee8-letter-spacing );word-spacing:var( --e-global-typography-32f6ee8-word-spacing );}.elementor-266 .elementor-element.elementor-element-b7024ef .elementor-heading-title{font-size:var( --e-global-typography-b7c5f05-font-size );line-height:var( --e-global-typography-b7c5f05-line-height );letter-spacing:var( --e-global-typography-b7c5f05-letter-spacing );word-spacing:var( --e-global-typography-b7c5f05-word-spacing );}}<\/style>\t\t<div data-elementor-type=\"wp-page\" data-elementor-id=\"266\" class=\"elementor elementor-266\" data-elementor-post-type=\"page\">\n\t\t\t\t\t\t<section class=\"elementor-section elementor-top-section elementor-element elementor-element-7992a36 elementor-section-boxed elementor-section-height-default elementor-section-height-default\" data-id=\"7992a36\" data-element_type=\"section\" data-e-type=\"section\" data-settings=\"{&quot;background_background&quot;:&quot;classic&quot;}\">\n\t\t\t\t\t\t\t<div class=\"elementor-background-overlay\"><\/div>\n\t\t\t\t\t\t\t<div class=\"elementor-container elementor-column-gap-no\">\n\t\t\t\t\t<div class=\"elementor-column elementor-col-100 elementor-top-column elementor-element elementor-element-29d1e63\" data-id=\"29d1e63\" data-element_type=\"column\" data-e-type=\"column\">\n\t\t\t<div class=\"elementor-widget-wrap elementor-element-populated\">\n\t\t\t\t\t\t<section class=\"elementor-section elementor-inner-section elementor-element elementor-element-a6cbc7e elementor-section-boxed elementor-section-height-default elementor-section-height-default\" data-id=\"a6cbc7e\" data-element_type=\"section\" data-e-type=\"section\">\n\t\t\t\t\t\t<div class=\"elementor-container elementor-column-gap-no\">\n\t\t\t\t\t<div class=\"elementor-column elementor-col-100 elementor-inner-column elementor-element elementor-element-4e122d8\" data-id=\"4e122d8\" data-element_type=\"column\" data-e-type=\"column\">\n\t\t\t<div class=\"elementor-widget-wrap elementor-element-populated\">\n\t\t\t\t\t\t<div class=\"elementor-element elementor-element-80463ed elementor-icon-list--layout-inline elementor-widget__width-auto elementor-list-item-link-full_width elementor-widget elementor-widget-icon-list\" data-id=\"80463ed\" data-element_type=\"widget\" data-e-type=\"widget\" data-widget_type=\"icon-list.default\">\n\t\t\t\t\t\t\t<ul class=\"elementor-icon-list-items elementor-inline-items\">\n\t\t\t\t\t\t\t<li class=\"elementor-icon-list-item elementor-inline-item\">\n\t\t\t\t\t\t\t\t\t\t<span class=\"elementor-icon-list-text\">Startseite<\/span>\n\t\t\t\t\t\t\t\t\t<\/li>\n\t\t\t\t\t\t\t\t<li class=\"elementor-icon-list-item elementor-inline-item\">\n\t\t\t\t\t\t\t\t\t\t\t<span class=\"elementor-icon-list-icon\">\n\t\t\t\t\t\t\t<svg aria-hidden=\"true\" class=\"e-font-icon-svg e-fas-chevron-circle-right\" viewbox=\"0 0 512 512\" xmlns=\"http:\/\/www.w3.org\/2000\/svg\"><path d=\"M256 8c137 0 248 111 248 248S393 504 256 504 8 393 8 256 119 8 256 8zm113.9 231L234.4 103.5c-9.4-9.4-24.6-9.4-33.9 0l-17 17c-9.4 9.4-9.4 24.6 0 33.9L285.1 256 183.5 357.6c-9.4 9.4-9.4 24.6 0 33.9l17 17c9.4 9.4 24.6 9.4 33.9 0L369.9 273c9.4-9.4 9.4-24.6 0-34z\"><\/path><\/svg>\t\t\t\t\t\t<\/span>\n\t\t\t\t\t\t\t\t\t\t<span class=\"elementor-icon-list-text\">Richtlinien<\/span>\n\t\t\t\t\t\t\t\t\t<\/li>\n\t\t\t\t\t\t<\/ul>\n\t\t\t\t\t\t<\/div>\n\t\t\t\t<div class=\"elementor-element elementor-element-b7024ef elementor-widget elementor-widget-heading\" data-id=\"b7024ef\" data-element_type=\"widget\" data-e-type=\"widget\" data-widget_type=\"heading.default\">\n\t\t\t\t\t<h2 class=\"elementor-heading-title elementor-size-default\">Unsere Richtlinien <\/h2>\t\t\t\t<\/div>\n\t\t\t\t\t<\/div>\n\t\t<\/div>\n\t\t\t\t\t<\/div>\n\t\t<\/section>\n\t\t\t\t\t<\/div>\n\t\t<\/div>\n\t\t\t\t\t<\/div>\n\t\t<\/section>\n\t\t<div class=\"elementor-element elementor-element-b29a3fa e-flex e-con-boxed e-con e-parent\" data-id=\"b29a3fa\" data-element_type=\"container\" data-e-type=\"container\">\n\t\t\t\t\t<div class=\"e-con-inner\">\n\t\t\t\t<div class=\"elementor-element elementor-element-264c968 elementor-widget elementor-widget-html\" data-id=\"264c968\" data-element_type=\"widget\" data-e-type=\"widget\" data-widget_type=\"html.default\">\n\t\t\t\t\t<div class=\"asd-cookies-wrapper\" style=\"font-family:inherit; color:#000; line-height:1.6; max-width:900px; margin:0 auto; padding:20px;\">\n\n  <h1 class=\"asd-main-heading\" style=\"font-size:38px; color:#99782F; text-align:center; margin-bottom:10px; font-weight:700;\">Cookie-Richtlinie<\/h1>\n  \n  <p class=\"asd-updated\" style=\"text-align:center; font-style:italic; color:#555; margin-bottom:50px;\">Letzte Aktualisierung: 20. November 2025<\/p>\n\n  <div class=\"asd-intro-text\" style=\"margin-bottom:50px; font-size:16px;\">\n    <p>African Safari Dream verwendet Cookies und \u00e4hnliche Technologien, um Ihr Surferlebnis zu verbessern, zu verstehen, wie unsere Webseite genutzt wird, und unsere Marketingaktivit\u00e4ten zu unterst\u00fctzen. Diese Cookie-Richtlinie erkl\u00e4rt, was Cookies sind, wie wir sie verwenden und wie Sie Ihre Einstellungen verwalten k\u00f6nnen.<\/p>\n  <\/div>\n\n  <div class=\"asd-section\">\n    <h2 class=\"asd-section-title\" style=\"font-size:26px; color:#99782F; margin:45px 0 20px; font-weight:600;\">1. Was sind Cookies?<\/h2>\n    <p>Cookies sind kleine Textdateien, die beim Besuch einer Website auf Ihrem Ger\u00e4t gespeichert werden. Sie helfen Websites, ordnungsgem\u00e4\u00df zu funktionieren, Ihre Pr\u00e4ferenzen zu speichern und Nutzungsmuster zu analysieren.<\/p>\n    <p>Cookies k\u00f6nnen von unserer Website (\u201cErstanbieter-Cookies\u201d) oder von externen Diensten (\u201cDrittanbieter-Cookies\u201d) gesetzt werden.<\/p>\n  <\/div>\n\n  <div class=\"asd-section\">\n    <h2 class=\"asd-section-title\" style=\"font-size:26px; color:#99782F; margin:45px 0 20px; font-weight:600;\">2. Arten von Cookies, die wir verwenden<\/h2>\n    <p>Folgenden Kategorien von Cookies k\u00f6nnen eingesetzt werden:<\/p>\n\n    <h3 class=\"asd-sub-title\" style=\"font-size:21px; color:#99782F; margin:35px 0 15px;\">a) Unbedingt erforderliche Cookies<\/h3>\n    <p>Diese Cookies sind f\u00fcr die Funktion der Website erforderlich und k\u00f6nnen in unseren Systemen nicht deaktiviert werden. Dazu geh\u00f6ren:<\/p>\n    <ul class=\"asd-list\" style=\"padding-left:25px; margin:20px 0;\">\n      <li>Sicherheits-Cookies<\/li>\n      <li>Sitzungscookies<\/li>\n      <li>Cookies f\u00fcr Lastverteilung \/ Serverleistung<\/li>\n      <li>Speicherung der Cookie-Einstellungen<\/li>\n    <\/ul>\n    <p>Diese speichern keine personenbezogenen Daten.<\/p>\n\n    <h3 class=\"asd-sub-title\" style=\"font-size:21px; color:#99782F; margin:35px 0 15px;\">b) Leistungs Cookies<\/h3>\n    <p>Diese Cookies sammeln Informationen dar\u00fcber, wie Besucher die Webseite nutzen, z. B. welche Seiten am h\u00e4ufigsten besucht werden oder ob Fehlermeldungen auftreten. Diese Daten helfen uns, die Leistung und Benutzerfreundlichkeit der Webseite zu verbessern. Alle gesammelten Informationen sind anonym.<\/p>\n    <p>Zu den Werkzeugen geh\u00f6ren beispielsweise:<\/p>\n    <ul class=\"asd-list\" style=\"padding-left:25px; margin:20px 0;\">\n      <li>Google Analytics 4 (GA4)<\/li>\n      <li>Microsoft Clarity (Sitzungs-Heatmaps und anonyme Nutzungsanalysen)<\/li>\n    <\/ul>\n    <p>Zu den erfassten Daten k\u00f6nnen besuchte Seiten, die Verweildauer auf den Seiten, Ger\u00e4tetyp und Browser, der allgemeine Standort (nicht identifizierend) sowie das Interaktionsverhalten (Scrollen, Klicks usw.) geh\u00f6ren.<\/p>\n    <p><strong>Alle Analysedaten werden anonymisiert.<\/strong> Wir verkaufen, tauschen oder teilen Analysedaten nicht mit Dritten zum kommerziellen Weiterverkauf.<\/p>\n\n    <h3 class=\"asd-sub-title\" style=\"font-size:21px; color:#99782F; margin:35px 0 15px;\">c) Funktionale Cookies<\/h3>\n    <p>Diese Cookies erm\u00f6glichen erweiterte Funktionen wie zum Beispiel:<\/p>\n    <ul class=\"asd-list\" style=\"padding-left:25px; margin:20px 0;\">\n      <li>Ihre Sprachpr\u00e4ferenzen speichern<\/li>\n      <li>Formulardaten werden aus Gr\u00fcnden der \u00dcbersichtlichkeit kurz gespeichert.<\/li>\n      <li>Eingebettete Inhalte (z. B. Karten, Videos, Rezensionen)<\/li>\n    <\/ul>\n    <p>Wenn diese Funktion deaktiviert ist, funktionieren Teile der Website m\u00f6glicherweise nicht reibungslos.<\/p>\n\n    <h3 class=\"asd-sub-title\" style=\"font-size:21px; color:#99782F; margin:35px 0 15px;\">d) Marketing- und Werbe-Cookies <em>(Nur falls verwendet)<\/em><\/h3>\n    <p>Diese Cookies helfen uns, relevante Werbung auszuspielen und die Effektivit\u00e4t unserer Marketingma\u00dfnahmen zu messen. Dazu k\u00f6nnen geh\u00f6ren:<\/p>\n    <ul class=\"asd-list\" style=\"padding-left:25px; margin:20px 0;\">\n      <li>Meta (Facebook\/Instagram) Pixel<\/li>\n      <li>Google Ads-Tracking<\/li>\n      <li>Pinterest\/LinkedIn-Tracking-Pixel (falls zuk\u00fcnftig hinzugef\u00fcgt)<\/li>\n    <\/ul>\n    <p>Zwecke sind unter anderem, herauszufinden, welche Reiseziele Interesse wecken, Nutzern passende Werbung anzuzeigen, die bestimmte Seiten besucht haben, sowie die Leistung und den Erfolg der Werbekampagnen zu messen.<\/p>\n    <p>Wir verwenden keine Cookies, um sensible personenbezogene Daten zu erfassen.<\/p>\n  <\/div>\n\n  <div class=\"asd-section\">\n    <h2 class=\"asd-section-title\" style=\"font-size:26px; color:#99782F; margin:45px 0 20px; font-weight:600;\">3. Drittanbieter, die wir m\u00f6glicherweise einsetzen<\/h2>\n    <div style=\"overflow-x:auto;\">\n      <table class=\"asd-table\" style=\"width:100%; border-collapse:collapse; margin:25px 0; background:#f9f5e8; font-size:15px;\">\n        <thead>\n          <tr style=\"background:#99782F; color:white;\">\n            <th style=\"padding:12px; text-align:left;\">Verk\u00e4ufer<\/th>\n            <th style=\"padding:12px; text-align:left;\">Zweck<\/th>\n            <th style=\"padding:12px; text-align:left;\">Datentyp<\/th>\n            <th style=\"padding:12px; text-align:left;\">Politik<\/th>\n          <\/tr>\n        <\/thead>\n        <tbody>\n          <tr style=\"border-bottom:1px solid #ddd;\">\n            <td style=\"padding:12px;\">Google Analytics 4<\/td>\n            <td style=\"padding:12px;\">Analysen<\/td>\n            <td style=\"padding:12px;\">Anonyme Nutzungsdaten<\/td>\n            <td style=\"padding:12px;\"><a href=\"https:\/\/policies.google.com\" style=\"color:#99782F;\" target=\"_blank\" rel=\"noopener\">policies.google.com<\/a><\/td>\n          <\/tr>\n          <tr style=\"background:#fff; border-bottom:1px solid #ddd;\">\n            <td style=\"padding:12px;\">Google Ads<\/td>\n            <td style=\"padding:12px;\">Marketing<\/td>\n            <td style=\"padding:12px;\">Anzeigenleistung &amp; Konversionen<\/td>\n            <td style=\"padding:12px;\"><a href=\"https:\/\/policies.google.com\" style=\"color:#99782F;\" target=\"_blank\" rel=\"noopener\">policies.google.com<\/a><\/td>\n          <\/tr>\n          <tr style=\"border-bottom:1px solid #ddd;\">\n            <td style=\"padding:12px;\">Meta Pixel<\/td>\n            <td style=\"padding:12px;\">Marketing<\/td>\n            <td style=\"padding:12px;\">Website-Interaktionsverfolgung<\/td>\n            <td style=\"padding:12px;\"><a href=\"https:\/\/www.facebook.com\/policy.php\" style=\"color:#99782F;\" target=\"_blank\" rel=\"noopener\">facebook.com\/policy.php<\/a><\/td>\n          <\/tr>\n          <tr style=\"background:#fff; border-bottom:1px solid #ddd;\">\n            <td style=\"padding:12px;\">Microsoft Clarity<\/td>\n            <td style=\"padding:12px;\">Heatmaps und Sitzungsaufzeichnung<\/td>\n            <td style=\"padding:12px;\">Anonymisierte Verhaltensdaten<\/td>\n            <td style=\"padding:12px;\"><a href=\"https:\/\/clarity.microsoft.com\" style=\"color:#99782F;\" target=\"_blank\" rel=\"noopener\">clarity.microsoft.com<\/a><\/td>\n          <\/tr>\n          <tr style=\"border-bottom:1px solid #ddd;\">\n            <td style=\"padding:12px;\">YouTube\/Vimeo<\/td>\n            <td style=\"padding:12px;\">Eingebettetes Video<\/td>\n            <td style=\"padding:12px;\">Technische und Leistungs-Cookies<\/td>\n            <td style=\"padding:12px;\">Es gelten die Richtlinien des Anbieters.<\/td>\n          <\/tr>\n        <\/tbody>\n      <\/table>\n    <\/div>\n  <\/div>\n\n  <div class=\"asd-section\">\n    <h2 class=\"asd-section-title\" style=\"font-size:26px; color:#99782F; margin:45px 0 20px; font-weight:600;\">4. Cookie-Einwilligung und -Kontrolle<\/h2>\n\n    <h3 class=\"asd-sub-title\" style=\"font-size:21px; color:#99782F; margin:30px 0 15px;\">Cookie-Banner<\/h3>\n    <p>Bei Ihrem ersten Besuch wird Ihnen ein Banner zur Cookie-Einwilligung angezeigt, \u00fcber das Sie Folgendes entscheiden k\u00f6nnen:<\/p>\n    <ul class=\"asd-list\" style=\"padding-left:25px; margin:20px 0;\">\n      <li>Alle Cookies akzeptieren<\/li>\n      <li>Nicht notwendige Cookies ablehnen<\/li>\n      <li>Cookie-Einstellungen anpassen<\/li>\n    <\/ul>\n\n    <h3 class=\"asd-sub-title\" style=\"font-size:21px; color:#99782F; margin:30px 0 15px;\">\u00c4ndern Ihrer Einstellungen<\/h3>\n    <p>Sie k\u00f6nnen Ihre Cookie-Einstellungen jederzeit \u00e4ndern, indem Sie in der Fu\u00dfzeile \u201cCookie-Einstellungen\u201d ausw\u00e4hlen oder die Cookies \u00fcber Ihren Browser l\u00f6schen.<\/p>\n\n    <h3 class=\"asd-sub-title\" style=\"font-size:21px; color:#99782F; margin:30px 0 15px;\">Browser-Steuerelemente<\/h3>\n    <p>Die meisten Browser erm\u00f6glichen es Ihnen, Cookies zu blockieren, vorhandene Cookies zu l\u00f6schen oder Benachrichtigungen zu erhalten, wenn Cookies verwendet werden.<\/p>\n    <p class=\"asd-important\" style=\"background:#f9f5e8; padding:15px; border-left:5px solid #99782F; margin:25px 0; font-weight:500;\">Bitte beachten Sie: Die Deaktivierung bestimmter Cookies kann die Leistung und Funktionalit\u00e4t der Website beeintr\u00e4chtigen.<\/p>\n  <\/div>\n\n  <div class=\"asd-section\">\n    <h2 class=\"asd-section-title\" style=\"font-size:26px; color:#99782F; margin:45px 0 20px; font-weight:600;\">5. Wie lange Cookies gespeichert werden<\/h2>\n    <p>Die Cookie-Laufzeit variiert:<\/p>\n    <ul class=\"asd-list\" style=\"padding-left:25px; margin:20px 0;\">\n      <li><strong>Sitzungscookies:<\/strong> Wird beim Schlie\u00dfen des Browsers gel\u00f6scht<\/li>\n      <li><strong>Permanente Cookies:<\/strong> bleiben bis zum Ablaufdatum oder bis zur manuellen Entfernung g\u00fcltig.<\/li>\n    <\/ul>\n    <p>Die Laufzeiten variieren je nach Anbieter (bitte beachten Sie deren Datenschutzrichtlinien).<\/p>\n  <\/div>\n\n  <div class=\"asd-section\">\n    <h2 class=\"asd-section-title\" style=\"font-size:26px; color:#99782F; margin:45px 0 20px; font-weight:600;\">6. Verkaufen wir Cookie- oder Tracking-Daten?<\/h2>\n    <p style=\"font-size:18px; font-weight:600; color:#99782F;\">NEIN.<\/p>\n    <p>Wir verkaufen, vermieten, tauschen oder geben keine Analyse- oder Tracking-Daten an Dritte weiter, um sie kommerziell weiterzuverkaufen oder f\u00fcr nicht verwandte Marketingzwecke zu nutzen.<\/p>\n  <\/div>\n\n  <div class=\"asd-section\">\n    <h2 class=\"asd-section-title\" style=\"font-size:26px; color:#99782F; margin:45px 0 20px; font-weight:600;\">7. Aktualisierungen dieser Richtlinie<\/h2>\n    <p>Wir k\u00f6nnen diese Cookie-Richtlinie von Zeit zu Zeit aktualisieren, um technischen \u00c4nderungen, rechtlichen Anforderungen oder Serviceverbesserungen Rechnung zu tragen. Aktualisierungen werden auf dieser Seite mit dem Datum der letzten Aktualisierung ver\u00f6ffentlicht.<\/p>\n  <\/div>\n\n  <div class=\"asd-section\">\n    <h2 class=\"asd-section-title\" style=\"font-size:26px; color:#99782F; margin:45px 0 20px; font-weight:600;\">8. Kontaktieren Sie uns<\/h2>\n    <p>Bei Fragen zu dieser Cookie-Richtlinie wenden Sie sich bitte an:<\/p>\n    <p style=\"margin:15px 0;\">\n      <strong>African Safari Holidays (Pty) Ltd t\/a African Safari Dream<\/strong><br>\n      E-Mail: <a href=\"mailto:britta@africansafaridream.com\" style=\"color:#99782F;\">britta@africansafaridream.com<\/a><br>\n      Ort: Kapstadt, S\u00fcdafrika\n    <\/p>\n  <\/div>\n\n<\/div>\t\t\t\t<\/div>\n\t\t\t\t\t<\/div>\n\t\t\t\t<\/div>\n\t\t\t\t<\/div>","protected":false},"excerpt":{"rendered":"<p>Home Policies Our Policies Cookies Policy Last updated: November 20, 2025 African Safari Dream (\u201cwe\u201d, \u201cus\u201d, \u201cour\u201d) uses cookies and [&hellip;]<\/p>\n","protected":false},"author":1,"featured_media":0,"parent":0,"menu_order":0,"comment_status":"closed","ping_status":"closed","template":"elementor_header_footer","meta":{"site-sidebar-layout":"no-sidebar","site-content-layout":"","ast-site-content-layout":"full-width-container","site-content-style":"default","site-sidebar-style":"default","ast-global-header-display":"","ast-banner-title-visibility":"","ast-main-header-display":"","ast-hfb-above-header-display":"","ast-hfb-below-header-display":"","ast-hfb-mobile-header-display":"","site-post-title":"","ast-breadcrumbs-content":"","ast-featured-img":"disabled","footer-sml-layout":"","ast-disable-related-posts":"","theme-transparent-header-meta":"","adv-header-id-meta":"","stick-header-meta":"","header-above-stick-meta":"","header-main-stick-meta":"","header-below-stick-meta":"","astra-migrate-meta-layouts":"default","ast-page-background-enabled":"default","ast-page-background-meta":{"desktop":{"background-color":"var(--ast-global-color-5)","background-image":"","background-repeat":"repeat","background-position":"center center","background-size":"auto","background-attachment":"scroll","background-type":"","background-media":"","overlay-type":"","overlay-color":"","overlay-opacity":"","overlay-gradient":""},"tablet":{"background-color":"","background-image":"","background-repeat":"repeat","background-position":"center center","background-size":"auto","background-attachment":"scroll","background-type":"","background-media":"","overlay-type":"","overlay-color":"","overlay-opacity":"","overlay-gradient":""},"mobile":{"background-color":"","background-image":"","background-repeat":"repeat","background-position":"center center","background-size":"auto","background-attachment":"scroll","background-type":"","background-media":"","overlay-type":"","overlay-color":"","overlay-opacity":"","overlay-gradient":""}},"ast-content-background-meta":{"desktop":{"background-color":"var(--ast-global-color-4)","background-image":"","background-repeat":"repeat","background-position":"center center","background-size":"auto","background-attachment":"scroll","background-type":"","background-media":"","overlay-type":"","overlay-color":"","overlay-opacity":"","overlay-gradient":""},"tablet":{"background-color":"var(--ast-global-color-4)","background-image":"","background-repeat":"repeat","background-position":"center center","background-size":"auto","background-attachment":"scroll","background-type":"","background-media":"","overlay-type":"","overlay-color":"","overlay-opacity":"","overlay-gradient":""},"mobile":{"background-color":"var(--ast-global-color-4)","background-image":"","background-repeat":"repeat","background-position":"center center","background-size":"auto","background-attachment":"scroll","background-type":"","background-media":"","overlay-type":"","overlay-color":"","overlay-opacity":"","overlay-gradient":""}},"_joinchat":[],"footnotes":""},"class_list":["post-266","page","type-page","status-publish","hentry"],"_links":{"self":[{"href":"https:\/\/africansafaridream.com\/de\/wp-json\/wp\/v2\/pages\/266","targetHints":{"allow":["GET"]}}],"collection":[{"href":"https:\/\/africansafaridream.com\/de\/wp-json\/wp\/v2\/pages"}],"about":[{"href":"https:\/\/africansafaridream.com\/de\/wp-json\/wp\/v2\/types\/page"}],"author":[{"embeddable":true,"href":"https:\/\/africansafaridream.com\/de\/wp-json\/wp\/v2\/users\/1"}],"replies":[{"embeddable":true,"href":"https:\/\/africansafaridream.com\/de\/wp-json\/wp\/v2\/comments?post=266"}],"version-history":[{"count":10,"href":"https:\/\/africansafaridream.com\/de\/wp-json\/wp\/v2\/pages\/266\/revisions"}],"predecessor-version":[{"id":1127,"href":"https:\/\/africansafaridream.com\/de\/wp-json\/wp\/v2\/pages\/266\/revisions\/1127"}],"wp:attachment":[{"href":"https:\/\/africansafaridream.com\/de\/wp-json\/wp\/v2\/media?parent=266"}],"curies":[{"name":"wp","href":"https:\/\/api.w.org\/{rel}","templated":true}]}}